{"id":140,"date":"2019-06-20T18:27:19","date_gmt":"2019-06-20T16:27:19","guid":{"rendered":"http:\/\/www.lherre.fr\/contact\/"},"modified":"2025-03-09T16:42:49","modified_gmt":"2025-03-09T15:42:49","slug":"contact","status":"publish","type":"page","link":"https:\/\/www.lherre.fr\/en\/contact\/","title":{"rendered":"Contact"},"content":{"rendered":"<div class=\"wpb-content-wrapper\"><p>[vc_row full_width=&#8221;stretch_row_content_no_spaces&#8221; content_placement=&#8221;middle&#8221;][vc_column width=&#8221;1\/2&#8243;][vc_row_inner][vc_column_inner width=&#8221;1\/4&#8243;][\/vc_column_inner][vc_column_inner width=&#8221;1\/2&#8243;][vc_column_text css=&#8221;&#8221;]<\/p>\n<p style=\"text-align: center;\"><span style=\"font-size: 18pt;\">Domaine de l&#8217;Herr\u00e9<\/span><\/p>\n<p style=\"text-align: center;\">Lieu-dit Herr\u00e9<br \/>\n32 370 Manciet France<br \/>\n<i class=\"fa fa-phone\" aria-hidden=\"true\"><\/i>: +33 5 62 69 03 26<br \/>\n<i class=\"fa fa-envelope-o\" aria-hidden=\"true\"><\/i>: <b><a href=\"mailto:adv@lherre.fr\">adv@lherre.fr<\/a><\/b><\/p>\n<p>&nbsp;<\/p>\n<p style=\"text-align: center;\"><b>Wine Sales Hours<br \/>\nat Domaine de l&#8217;<\/b><b>Herr\u00e9<\/b><\/p>\n<p style=\"text-align: center;\">Monday to Friday<\/p>\n<p style=\"text-align: center;\">09:00 &#8211; 12:00 and 14:00 -18:00<\/p>\n<p>[\/vc_column_text][\/vc_column_inner][vc_column_inner width=&#8221;1\/4&#8243;][\/vc_column_inner][\/vc_row_inner][\/vc_column][vc_column width=&#8221;1\/2&#8243;][vc_single_image image=&#8221;141&#8243; img_size=&#8221;800&#215;800&#8243; alignment=&#8221;center&#8221; css=&#8221;.vc_custom_1548689545932{margin-bottom: 0px !important;}&#8221;][\/vc_column][\/vc_row][vc_row full_width=&#8221;stretch_row_content_no_spaces&#8221; content_placement=&#8221;middle&#8221; css=&#8221;.vc_custom_1544817903025{margin-bottom: -70px !important;}&#8221;][vc_column width=&#8221;1\/2&#8243;][vc_gmaps link=&#8221;#E-8_JTNDaWZyYW1lJTIwc3JjJTNEJTIyaHR0cHMlM0ElMkYlMkZ3d3cuZ29vZ2xlLmNvbSUyRm1hcHMlMkZlbWJlZCUzRnBiJTNEJTIxMW0xNCUyMTFtOCUyMTFtMyUyMTFkMTE1MTYuMTA3NjgzMTg3NzA3JTIxMmQwLjA2NTkyMyUyMTNkNDMuODEzODAxJTIxM20yJTIxMWkxMDI0JTIxMmk3NjglMjE0ZjEzLjElMjEzbTMlMjExbTIlMjExczB4MCUyNTNBMHgxMmZmNzcwMTJiMDE3ZjE0JTIxMnNEb21haW5lJTJCZGUlMkJMJTI3SGVyciUyNUMzJTI1QTklMjE1ZTAlMjEzbTIlMjExc2ZyJTIxMnNncCUyMTR2MTU0ODc3MDMxMjEwNSUyMiUyMHdpZHRoJTNEJTIyNjAwJTIyJTIwaGVpZ2h0JTNEJTIyNjAwJTIyJTIwZnJhbWVib3JkZXIlM0QlMjIwJTIyJTIwc3R5bGUlM0QlMjJib3JkZXIlM0EwJTIyJTIwYWxsb3dmdWxsc2NyZWVuJTNEJTIyJTIyJTNFJTNDJTJGaWZyYW1lJTNF&#8221;][\/vc_column][vc_column width=&#8221;1\/2&#8243;][vc_row_inner][vc_column_inner width=&#8221;1\/6&#8243;][\/vc_column_inner][vc_column_inner width=&#8221;2\/3&#8243;][vc_empty_space height=&#8221;80&#8243;][vc_column_text css=&#8221;.vc_custom_1545053998174{padding-top: 30px !important;}&#8221;]<\/p>\n<h2 style=\"text-align: center;\"><span style=\"font-size: 16pt;\">REGISTER TO OUR NEWSLETTER<\/span><\/h2>\n<p>[\/vc_column_text]\n<div class=\"wpcf7 no-js\" id=\"wpcf7-f199-o1\" lang=\"en-US\" dir=\"ltr\" data-wpcf7-id=\"199\">\n<div class=\"screen-reader-response\"><p role=\"status\" aria-live=\"polite\" aria-atomic=\"true\"><\/p> <ul><\/ul><\/div>\n<form action=\"\/en\/wp-json\/wp\/v2\/pages\/140#wpcf7-f199-o1\" method=\"post\" class=\"wpcf7-form init\" aria-label=\"Contact form\" novalidate=\"novalidate\" data-status=\"init\">\n<fieldset class=\"hidden-fields-container\"><input type=\"hidden\" name=\"_wpcf7\" value=\"199\" \/><input type=\"hidden\" name=\"_wpcf7_version\" value=\"6.1.5\" \/><input type=\"hidden\" name=\"_wpcf7_locale\" value=\"en_US\" \/><input type=\"hidden\" name=\"_wpcf7_unit_tag\" value=\"wpcf7-f199-o1\" \/><input type=\"hidden\" name=\"_wpcf7_container_post\" value=\"0\" \/><input type=\"hidden\" name=\"_wpcf7_posted_data_hash\" value=\"\" \/>\n<\/fieldset>\n<p><label> Your email address<br \/>\n<span class=\"wpcf7-form-control-wrap\" data-name=\"your-email\"><input size=\"40\" maxlength=\"400\" class=\"wpcf7-form-control wpcf7-email wpcf7-validates-as-required wpcf7-text wpcf7-validates-as-email\" aria-required=\"true\" aria-invalid=\"false\" value=\"\" type=\"email\" name=\"your-email\" \/><\/span> <\/label>\n<\/p>\n<div class=\"colonne\">\n\t<p><span class=\"wpcf7-form-control-wrap\" data-name=\"rgpd\"><span class=\"wpcf7-form-control wpcf7-checkbox wpcf7-validates-as-required wpcf7-exclusive-checkbox\"><span class=\"wpcf7-list-item first last\"><input type=\"checkbox\" name=\"rgpd\" value=\"I accept that the information entered in this form is used, exploited, processed to allow me to be re-contacted as part of the business relationship.\" \/><span class=\"wpcf7-list-item-label\">I accept that the information entered in this form is used, exploited, processed to allow me to be re-contacted as part of the business relationship.<\/span><\/span><\/span><\/span>\n\t<\/p>\n<\/div>\n<p><input class=\"wpcf7-form-control wpcf7-submit has-spinner\" type=\"submit\" value=\"Send\" \/>\n<\/p><div class=\"wpcf7-response-output\" aria-hidden=\"true\"><\/div>\n<\/form>\n<\/div>\n[\/vc_column_inner][vc_column_inner width=&#8221;1\/6&#8243;][\/vc_column_inner][\/vc_row_inner][\/vc_column][\/vc_row]<\/p>\n<\/div>","protected":false},"excerpt":{"rendered":"<p>[vc_row full_width=&#8221;stretch_row_content_no_spaces&#8221; content_placement=&#8221;middle&#8221;][vc_column width=&#8221;1\/2&#8243;][vc_row_inner][vc_column_inner width=&#8221;1\/4&#8243;][\/vc_column_inner][vc_column_inner width=&#8221;1\/2&#8243;][vc_column_text css=&#8221;&#8221;] Domaine de l&#8217;Herr\u00e9 Lieu-dit Herr\u00e9 32 370 Manciet France : +33 5 62 69 03 26 : adv@lherre.fr &nbsp; Wine Sales Hours at Domaine de l&#8217;Herr\u00e9 Monday to Friday 09:00 &#8211; 12:00 and 14:00 -18:00 [\/vc_column_text][\/vc_column_inner][vc_column_inner width=&#8221;1\/4&#8243;][\/vc_column_inner][\/vc_row_inner][\/vc_column][vc_column width=&#8221;1\/2&#8243;][vc_single_image image=&#8221;141&#8243; img_size=&#8221;800&#215;800&#8243; alignment=&#8221;center&#8221; css=&#8221;.vc_custom_1548689545932{margin-bottom: 0px !important;}&#8221;][\/vc_column][\/vc_row][vc_row full_width=&#8221;stretch_row_content_no_spaces&#8221; content_placement=&#8221;middle&#8221; css=&#8221;.vc_custom_1544817903025{margin-bottom: -70px&hellip;<\/p>\n","protected":false},"author":2,"featured_media":0,"parent":0,"menu_order":0,"comment_status":"closed","ping_status":"closed","template":"","meta":{"footnotes":""},"class_list":["post-140","page","type-page","status-publish","hentry","description-off"],"_links":{"self":[{"href":"https:\/\/www.lherre.fr\/en\/wp-json\/wp\/v2\/pages\/140","targetHints":{"allow":["GET"]}}],"collection":[{"href":"https:\/\/www.lherre.fr\/en\/wp-json\/wp\/v2\/pages"}],"about":[{"href":"https:\/\/www.lherre.fr\/en\/wp-json\/wp\/v2\/types\/page"}],"author":[{"embeddable":true,"href":"https:\/\/www.lherre.fr\/en\/wp-json\/wp\/v2\/users\/2"}],"replies":[{"embeddable":true,"href":"https:\/\/www.lherre.fr\/en\/wp-json\/wp\/v2\/comments?post=140"}],"version-history":[{"count":18,"href":"https:\/\/www.lherre.fr\/en\/wp-json\/wp\/v2\/pages\/140\/revisions"}],"predecessor-version":[{"id":237,"href":"https:\/\/www.lherre.fr\/en\/wp-json\/wp\/v2\/pages\/140\/revisions\/237"}],"wp:attachment":[{"href":"https:\/\/www.lherre.fr\/en\/wp-json\/wp\/v2\/media?parent=140"}],"curies":[{"name":"wp","href":"https:\/\/api.w.org\/{rel}","templated":true}]}}