{"id":212,"date":"2019-07-22T14:24:10","date_gmt":"2019-07-22T12:24:10","guid":{"rendered":"http:\/\/www.lherre.fr\/cookies\/"},"modified":"2019-07-22T14:24:13","modified_gmt":"2019-07-22T12:24:13","slug":"cookies","status":"publish","type":"page","link":"https:\/\/www.lherre.fr\/en\/cookies\/","title":{"rendered":"cookies"},"content":{"rendered":"<div class=\"wpb-content-wrapper\"><p>[vc_row][vc_column][vc_column_text]<\/p>\n<h1><span style=\"color: #473161;\">\u00a0Cookies : www.lherre.fr,\u00a0 \u00ab our web site\u00a0 \u00bb<\/span><\/h1>\n<p>When you browse our website, cookies are placed on your computer, mobile or tablet to improve your use of the site and increase its performance. Learn how cookies and current tools work to set them up.[\/vc_column_text][vc_btn title=&#8221;More on the cookies of CNIL web site&#8221; link=&#8221;url:https%3A%2F%2Fwww.cnil.fr%2Ffr%2Fcookies-les-outils-pour-les-maitriser|target:%20_blank|rel:nofollow|&#8221;][vc_column_text]<\/p>\n<h2 class=\"block-edito-title\"><span style=\"color: #473161;\">Comprendre l\u2019utilisation des cookies<\/span><\/h2>\n<ul>\n<li>\n<h3><span style=\"color: #473161;\">Qu\u2019est-ce que les cookies ?<\/span><\/h3>\n<p><span style=\"color: #333333;\">Cookies are small files created when you visit the websites.<\/span><\/p>\n<p><span style=\"color: #333333;\">\u00c0 quoi servent-ils ? Sur notre site internet, ils conservent vos informations et permettent de vous identifier, de g\u00e9rer vos voyages en ligne ou encore de vous proposer des offres adapt\u00e9es \u00e0 votre profil afin de mieux vous comprendre et d\u2019am\u00e9liorer votre exp\u00e9rience utilisateur.<\/span><\/li>\n<li><span style=\"color: #333333;\">Quels sont les types de cookies sur notre site internet? <\/span><span style=\"color: #333333;\">Lorsque vous utilisez notre site internet, des cookies sont d\u00e9pos\u00e9s sur votre ordinateur, votre mobile ou votre tablette pour les besoins de la navigation, l\u2019optimisation et la personnalisation des services qui vous sont propos\u00e9s. Notre site internet ne recueille pas d\u2019informations sp\u00e9cifiques aux utilisateurs.<\/span>\n<ul>\n<li><span style=\"color: #333333;\">les cookies strictement n\u00e9cessaires<\/span><\/li>\n<\/ul>\n<p><span style=\"color: #333333;\">N\u00e9cessaires \u00e0 votre navigation et au bon fonctionnement du site, ces cookies vous permettent une navigation libre et fluide sur la plateforme. Leur d\u00e9sactivation peut emp\u00eacher ou g\u00eaner le fonctionnement normal de notre site internet.<\/span><\/p>\n<ul>\n<li><span style=\"color: #333333;\">les cookies de performance<\/span><\/li>\n<\/ul>\n<p><span style=\"color: #333333;\">Il s\u2019agit ici de cookies sp\u00e9cialis\u00e9s dans le recueil d\u2019information. Ils servent \u00e0 mieux comprendre votre comportement utilisateur \u00e0 des fins d\u2019analyses, d\u2019am\u00e9lioration et d\u2019optimisation de la performance de notre site internet. Les informations collect\u00e9es par ces cookies ne sont pas \u00e0 caract\u00e8re personnel.<\/span><\/p>\n<ul>\n<li><span style=\"color: #333333;\">les cookies fonctionnels<\/span><\/li>\n<\/ul>\n<p><span style=\"color: #333333;\">Ces cookies permettent de se souvenir de vos choix et de vos pr\u00e9f\u00e9rences afin de vous proposer une navigation personnalis\u00e9e, vous fournir un contenu pertinent et ainsi am\u00e9liorer votre confort d\u2019utilisation.<\/span><\/p>\n<ul>\n<li><span style=\"color: #333333;\">les cookies tiers<\/span><\/li>\n<\/ul>\n<p><span style=\"color: #333333;\">Les cookies tiers sont des cookies d\u00e9pos\u00e9s par des soci\u00e9t\u00e9s tierces et h\u00e9berg\u00e9s par l\u2019interface. Dans le cas de notre site internet, il peut s\u2019agir de donn\u00e9es r\u00e9cup\u00e9r\u00e9es par les partenaires du Groupe. Ils sont utilis\u00e9s \u00e0 des fins marketing, de pr\u00e9sentation, de publicit\u00e9s cibl\u00e9es et personnalis\u00e9es.<\/span><\/p>\n<p><span style=\"color: #333333;\"> Ce site internet n\u2019a pas la main mise sur les informations r\u00e9cup\u00e9r\u00e9es par les tiers car ils agissent pour leur propre marque.<\/span><\/li>\n<\/ul>\n<h2 class=\"block-edito-title\"><span style=\"color: #473161;\">Comment supprimer les cookies ?<\/span><\/h2>\n<div class=\"paragraph-content-text\" data-block=\"bloc_paragraphe\">\n<h3 class=\"h3-wysiwyg\"><span style=\"color: #473161;\">Vous souhaitez d\u00e9sactiver les cookies ?<\/span><\/h3>\n<p><span style=\"color: #333333;\">Vous pouvez \u00e0 tout moment choisir de d\u00e9sactiver ces cookies ou bien \u00eatre inform\u00e9 \u00e0 chaque fois que notre site internet d\u00e9pose des cookies sur votre ordinateur. Vous pouvez accepter ou refuser les cookies au cas par cas.<\/span><\/p>\n<p><span style=\"color: #333333;\">Si votre navigateur est programm\u00e9 pour refuser les cookies, nous vous rappelons que vous n\u2019aurez pas acc\u00e8s \u00e0 l\u2019int\u00e9gralit\u00e9 des fonctionnalit\u00e9s de notre site internet.<\/span><\/p>\n<\/div>\n<p>[\/vc_column_text][vc_empty_space][\/vc_column][\/vc_row][vc_row][vc_column width=&#8221;1\/6&#8243;][vc_btn title=&#8221; GOOGLE CHROME&#8221; align=&#8221;center&#8221; link=&#8221;url:https%3A%2F%2Fsupport.google.com%2Fchrome%2Fanswer%2F95647%3Fhl%3Dfr%26hlrm%3Den|target:%20_blank|rel:nofollow|&#8221;][\/vc_column][vc_column width=&#8221;1\/6&#8243;][vc_btn title=&#8221; FIREFOX&#8221; align=&#8221;center&#8221; link=&#8221;url:https%3A%2F%2Fsupport.mozilla.org%2Ffr%2Fkb%2Factiver-desactiver-cookies-preferences%3Fredirectlocale%3Dfr%26redirectslug%3DActiver%2Bet%2Bd%25C3%25A9sactiver%2Bles%2Bcookies|target:%20_blank|rel:nofollow|&#8221;][\/vc_column][vc_column width=&#8221;1\/6&#8243;][vc_btn title=&#8221; SAFARI&#8221; align=&#8221;center&#8221; link=&#8221;url:https%3A%2F%2Fsupport.apple.com%2Fkb%2Fph21411%3Flocale%3Dfr_CA|target:%20_blank|rel:nofollow|&#8221;][\/vc_column][vc_column width=&#8221;1\/6&#8243;][vc_btn title=&#8221; OPERA&#8221; align=&#8221;center&#8221; link=&#8221;url:https%3A%2F%2Fhelp.opera.com%2Fen%2Flatest%2Fweb-preferences%2F%23cookies|target:%20_blank|rel:nofollow|&#8221;][\/vc_column][vc_column width=&#8221;1\/6&#8243;][vc_btn title=&#8221; INTERNET EXPLORER&#8221; align=&#8221;center&#8221; link=&#8221;url:https%3A%2F%2Fsupport.microsoft.com%2Ffr-fr%2Fhelp%2F17442%2Fwindows-internet-explorer-delete-manage-cookies|target:%20_blank|rel:nofollow|&#8221;][vc_btn title=&#8221; INTERNET EXPLORER EDGE&#8221; align=&#8221;center&#8221; link=&#8221;url:https%3A%2F%2Fprivacy.microsoft.com%2Ffr-fr%2Fwindows-10-microsoft-edge-and-privacy|target:%20_blank|rel:nofollow|&#8221;][\/vc_column][vc_column width=&#8221;1\/6&#8243;][vc_btn title=&#8221;GOOGLE ANALYTICS&#8221; align=&#8221;center&#8221; link=&#8221;url:https%3A%2F%2Fdevelopers.google.com%2Fanalytics%2Fdevguides%2Fcollection%2Fanalyticsjs%2Fcookie-usage%3Fhl%3Dfr|target:%20_blank|rel:nofollow|&#8221;][\/vc_column][\/vc_row]<\/p>\n<\/div>","protected":false},"excerpt":{"rendered":"<p>[vc_row][vc_column][vc_column_text] \u00a0Cookies : www.lherre.fr,\u00a0 \u00ab our web site\u00a0 \u00bb When you browse our website, cookies are placed on your computer, mobile or tablet to improve your use of the site and increase its performance. Learn how cookies and current tools work to set them up.[\/vc_column_text][vc_btn title=&#8221;More on the cookies of CNIL web site&#8221; link=&#8221;url:https%3A%2F%2Fwww.cnil.fr%2Ffr%2Fcookies-les-outils-pour-les-maitriser|target:%20_blank|rel:nofollow|&#8221;][vc_column_text] Comprendre&hellip;<\/p>\n","protected":false},"author":2,"featured_media":0,"parent":0,"menu_order":0,"comment_status":"closed","ping_status":"closed","template":"","meta":{"footnotes":""},"class_list":["post-212","page","type-page","status-publish","hentry","description-off"],"_links":{"self":[{"href":"https:\/\/www.lherre.fr\/en\/wp-json\/wp\/v2\/pages\/212","targetHints":{"allow":["GET"]}}],"collection":[{"href":"https:\/\/www.lherre.fr\/en\/wp-json\/wp\/v2\/pages"}],"about":[{"href":"https:\/\/www.lherre.fr\/en\/wp-json\/wp\/v2\/types\/page"}],"author":[{"embeddable":true,"href":"https:\/\/www.lherre.fr\/en\/wp-json\/wp\/v2\/users\/2"}],"replies":[{"embeddable":true,"href":"https:\/\/www.lherre.fr\/en\/wp-json\/wp\/v2\/comments?post=212"}],"version-history":[{"count":1,"href":"https:\/\/www.lherre.fr\/en\/wp-json\/wp\/v2\/pages\/212\/revisions"}],"predecessor-version":[{"id":213,"href":"https:\/\/www.lherre.fr\/en\/wp-json\/wp\/v2\/pages\/212\/revisions\/213"}],"wp:attachment":[{"href":"https:\/\/www.lherre.fr\/en\/wp-json\/wp\/v2\/media?parent=212"}],"curies":[{"name":"wp","href":"https:\/\/api.w.org\/{rel}","templated":true}]}}